{"id":1086,"date":"2011-09-24T23:13:52","date_gmt":"2011-09-24T21:13:52","guid":{"rendered":"http:\/\/www.marblestation.com\/?page_id=1086"},"modified":"2012-05-01T11:00:48","modified_gmt":"2012-05-01T09:00:48","slug":"astrofisica","status":"publish","type":"page","link":"https:\/\/www.marblestation.com\/?page_id=1086","title":{"rendered":"Astrof\u00edsica"},"content":{"rendered":"<h3>M\u00e0ster en astrof\u00edsica, f\u00edsica de part\u00edcules i cosmologia 2010-2011<\/h3>\n<p><\/p>\n<ul>\n<li><b>&nbsp; Astronomia:<\/b>\n<ul>\n<li><a href=\"wp-content\/uploads\/astrofisica\/Astronomia\/Apunts.tar.bz2\">Apunts de l&#8217;assignatura<\/a>\n      <\/li>\n<li><a href=\"wp-content\/uploads\/astrofisica\/Astronomia\/Formulari.tar.bz2\">Formulari<\/a>\n      <\/li>\n<li><a href=\"wp-content\/uploads\/astrofisica\/Astronomia\/Problemes.tar.bz2\">Problemes resolts<\/a>\n      <\/li>\n<\/ul>\n<\/li>\n<li><b>&nbsp; Astronomia observacional:<\/b>\n<ul>\n<li><a href=\"wp-content\/uploads\/astrofisica\/Astronomia observacional\/Apunts.tar.bz2\">Apunts de l&#8217;assignatura<\/a>\n      <\/li>\n<li>Pr\u00e0ctica iniciaci\u00f3 telescopis (Alella): <a href=\"wp-content\/uploads\/astrofisica\/Astronomia observacional\/Practica 01 Alella - Informe.tar.bz2\">Informe<\/a>, <a href=\"wp-content\/uploads\/astrofisica\/Astronomia observacional\/Practica 01 Alella - Programa canvi de coordenades.tar.bz2\">Programa canvi de coordenades (C++)<\/a> i <a href=\"wp-content\/uploads\/astrofisica\/Astronomia observacional\/Practica 01 Alella - Manual del programa.tar.bz2\">Manual<\/a>\n      <\/li>\n<li>Pr\u00e0ctica fotometre (Montsec): <a href=\"wp-content\/uploads\/astrofisica\/Astronomia observacional\/Practica 02.1 Montsec - Fotometre - Informe.tar.bz2\">Informe<\/a>\n      <\/li>\n<li>Pr\u00e0ctica fotometria amb CCD (Montsec): <a href=\"wp-content\/uploads\/astrofisica\/Astronomia observacional\/Practica 02.2 Montsec - CCD - Informe.tar.bz2\">Informe<\/a>, <a href=\"wp-content\/uploads\/astrofisica\/Astronomia observacional\/Practica 02.2 Montsec - CCD - IRIS - Informe.tar.bz2\">Guia IRIS<\/a>, <a href=\"wp-content\/uploads\/astrofisica\/Astronomia observacional\/Practica 02.2 Montsec - CCD - IRAF - Informe.tar.bz2\">Guia IRAF (fotometria CCD)<\/a> i <a href=\"wp-content\/uploads\/astrofisica\/Astronomia observacional\/Practica 02.2 Montsec - CCD - IRAF - Process.tar.bz2\">Proc\u00e9s IRAF<\/a>\n      <\/li>\n<li>Pr\u00e0ctica periodicitats (senyal raig X del satel\u00b7lit de la NASA Rossi X-Ray Timing Explorer): <a href=\"wp-content\/uploads\/astrofisica\/Astronomia observacional\/Practica 03 Periodicitats - Informe.tar.bz2\">Informe<\/a>, <a href=\"wp-content\/uploads\/astrofisica\/Astronomia observacional\/Practica 03 Periodicitats - Programa Transformada Fourier.tar.bz2\">Programa transformada de Fourier (C++)<\/a> i <a href=\"wp-content\/uploads\/astrofisica\/Astronomia observacional\/Practica 03 Periodicitats - Manual del programa.tar.bz2\">Manual<\/a>\n      <\/li>\n<li>Pr\u00e0ctica detecci\u00f3 de part\u00edcules energ\u00e8tiques del Sol: <a href=\"wp-content\/uploads\/astrofisica\/Astronomia observacional\/Practica 04 Deteccio particules energetiques - Sol - Informe.tar.bz2\">Informe<\/a>\n      <\/li>\n<li>Pr\u00e0ctica astrometria d&#8217;estrelles bin\u00e0ries: <a href=\"wp-content\/uploads\/astrofisica\/Astronomia observacional\/Practica 05 Fabra - Astrometria - Informe.tar.bz2\">Informe<\/a>\n      <\/li>\n<li>Pr\u00e0ctica radioastronomia: <a href=\"wp-content\/uploads\/astrofisica\/Astronomia observacional\/Practica 06 Radio - Informe.tar.bz2\">Informe<\/a>, <a href=\"wp-content\/uploads\/astrofisica\/Astronomia observacional\/Practica 06 Radio - Programa.tar.bz2\">Programa (ruby, octave)<\/a> i <a href=\"wp-content\/uploads\/astrofisica\/Astronomia observacional\/Practica 06 Radio - Manual.tar.bz2\">Manual<\/a>\n      <\/li>\n<li>Pr\u00e0ctica espectres (Montsec): <a href=\"wp-content\/uploads\/astrofisica\/Astronomia observacional\/Practica 07.1 Montsec II - Espectres - Informe.tar.bz2\">Informe<\/a>, <a href=\"wp-content\/uploads\/astrofisica\/Astronomia observacional\/Practica 07.1 Montsec II - Espectres - IRAF - Informe.tar.bz2\">Guia IRAF (espectres)<\/a> i <a href=\"wp-content\/uploads\/astrofisica\/Astronomia observacional\/Practica 07.1 Montsec II - Espectres - IRAF - Process.tar.bz2\">Proc\u00e9s IRAF<\/a>\n      <\/li>\n<li>Pr\u00e0ctica astrometria d&#8217;asteroides i cometes (Montsec): <a href=\"wp-content\/uploads\/astrofisica\/Astronomia observacional\/Practica 07.2 Montsec II - Astrometria - Informe.tar.bz2\">Informe<\/a>, <a href=\"wp-content\/uploads\/astrofisica\/Astronomia observacional\/Practica 07.2 Montsec II - Astrometria - IRAF - Informe.tar.bz2\">Guia IRAF (astrometria)<\/a> i <a href=\"wp-content\/uploads\/astrofisica\/Astronomia observacional\/Practica 07.2 Montsec II - Astrometria - IRAF - Process.tar.bz2\">Proc\u00e9s IRAF<\/a>\n      <\/li>\n<li>Pr\u00e0ctica extragal\u00e0ctica: <a href=\"wp-content\/uploads\/astrofisica\/Astronomia observacional\/Practica 08 Extragalactica - Informe.tar.bz2\">Informe<\/a> i <a href=\"wp-content\/uploads\/astrofisica\/Astronomia observacional\/Practica 08 Extragalactica - Programa.tar.bz2\">Programa (ruby, octave)<\/a>\n      <\/li>\n<\/ul>\n<\/li>\n<li><b>&nbsp; Astronomia des de l&#8217;espai:<\/b>\n<ul>\n<li><a href=\"wp-content\/uploads\/astrofisica\/Astronomia des de l'espai\/Treball. James Webb Space Telescope.tar.bz2\">Treball: James Webb Space Telescope<\/a>\n      <\/li>\n<\/ul>\n<\/li>\n<li><b>&nbsp; Estructura i dinamica galactica:<\/b>\n<ul>\n<li><a href=\"wp-content\/uploads\/astrofisica\/Estructura i dinamica galactica\/001. Dinamica galactica.tar.bz2\">Treball: Din\u00e0mica gal\u00e0ctica<\/a>\n      <\/li>\n<li><a href=\"wp-content\/uploads\/astrofisica\/Estructura i dinamica galactica\/002. Mesura de distancies. Cumuls..tar.bz2\">Treball: Mesura de dist\u00e0ncies mitjan\u00e7ant c\u00famuls<\/a>\n      <\/li>\n<li><a href=\"wp-content\/uploads\/astrofisica\/Estructura i dinamica galactica\/003. Besancon Galaxy.tar.bz2\">Treball: Besan\u00e7on Galaxy<\/a>\n      <\/li>\n<\/ul>\n<\/li>\n<li><b>&nbsp; Formaci\u00f3 i evoluci\u00f3 de gal\u00e0xies:<\/b>\n<ul>\n<li><a href=\"wp-content\/uploads\/astrofisica\/Formacio i evolucio de galaxies\/Formaci\u00f3 i evoluci\u00f3 de gal\u00e0xies - Una visi\u00f3 general.tar.bz2\">Treball resum<\/a>\n      <\/li>\n<\/ul>\n<\/li>\n<li><b>&nbsp; Parametres cosmol\u00f2gics i nucleos\u00edntesis primordial:<\/b>\n<ul>\n<li><a href=\"wp-content\/uploads\/astrofisica\/Parametres cosmologics i nucleosintesis primordial\/Model cosmologic est\u00e0ndard.tar.bz2\">Treball resum<\/a>\n      <\/li>\n<\/ul>\n<\/li>\n<li><b>&nbsp; Formaci\u00f3 i evoluci\u00f3 estel.lar:<\/b>\n<ul>\n<li><a href=\"wp-content\/uploads\/astrofisica\/Formacio i evolucio estel.lar\/Apunts del primer tema.tar.bz2\">Apunts del primer tema<\/a>\n      <\/li>\n<li><a href=\"wp-content\/uploads\/astrofisica\/Formacio i evolucio estel.lar\/Practica 4.1.tar.bz2\">Pr\u00e0ctica 4.1<\/a>\n      <\/li>\n<li><a href=\"wp-content\/uploads\/astrofisica\/Formacio i evolucio estel.lar\/Practica 5.1.tar.bz2\">Pr\u00e0ctica 5.1<\/a>\n      <\/li>\n<\/ul>\n<\/li>\n<li><b>&nbsp; Statistics and data analysis:<\/b>\n<ul>\n<li><a href=\"wp-content\/uploads\/astrofisica\/Statistics and data analysis\/Problem set 1.tar.bz2\">Statistics: Problem set 1<\/a>\n      <\/li>\n<li><a href=\"wp-content\/uploads\/astrofisica\/Statistics and data analysis\/Problem set 2.tar.bz2\">Statistics: Problem set 2<\/a>\n      <\/li>\n<li><a href=\"wp-content\/uploads\/astrofisica\/Statistics and data analysis\/Problem set 3.tar.bz2\">Statistics: Problem set 3<\/a>\n      <\/li>\n<li><a href=\"wp-content\/uploads\/astrofisica\/Statistics and data analysis\/Task I - PCA.tar.bz2\">Principal Component Analysis<\/a>\n      <\/li>\n<li><a href=\"wp-content\/uploads\/astrofisica\/Statistics and data analysis\/Task II - OCR Classification.tar.bz2\">Data Classification<\/a>\n      <\/li>\n<\/ul>\n<\/li>\n<\/ul>\n","protected":false},"excerpt":{"rendered":"<p>M\u00e0ster en astrof\u00edsica, f\u00edsica de part\u00edcules i cosmologia 2010-2011 &nbsp; Astronomia: Apunts de l&#8217;assignatura Formulari Problemes resolts &nbsp; Astronomia observacional: Apunts de l&#8217;assignatura Pr\u00e0ctica iniciaci\u00f3 telescopis (Alella): Informe, Programa canvi de coordenades (C++) i Manual Pr\u00e0ctica fotometre (Montsec): Informe Pr\u00e0ctica fotometria amb CCD (Montsec): Informe, Guia IRIS, Guia IRAF (fotometria CCD) i Proc\u00e9s IRAF Pr\u00e0ctica &hellip; <a href=\"https:\/\/www.marblestation.com\/?page_id=1086\" class=\"more-link\">Continue reading <span class=\"screen-reader-text\">Astrof\u00edsica<\/span> <span class=\"meta-nav\">&rarr;<\/span><\/a><\/p>\n","protected":false},"author":1,"featured_media":0,"parent":565,"menu_order":0,"comment_status":"closed","ping_status":"closed","template":"","meta":{"footnotes":""},"class_list":["post-1086","page","type-page","status-publish","hentry"],"_links":{"self":[{"href":"https:\/\/www.marblestation.com\/index.php?rest_route=\/wp\/v2\/pages\/1086","targetHints":{"allow":["GET"]}}],"collection":[{"href":"https:\/\/www.marblestation.com\/index.php?rest_route=\/wp\/v2\/pages"}],"about":[{"href":"https:\/\/www.marblestation.com\/index.php?rest_route=\/wp\/v2\/types\/page"}],"author":[{"embeddable":true,"href":"https:\/\/www.marblestation.com\/index.php?rest_route=\/wp\/v2\/users\/1"}],"replies":[{"embeddable":true,"href":"https:\/\/www.marblestation.com\/index.php?rest_route=%2Fwp%2Fv2%2Fcomments&post=1086"}],"version-history":[{"count":16,"href":"https:\/\/www.marblestation.com\/index.php?rest_route=\/wp\/v2\/pages\/1086\/revisions"}],"predecessor-version":[{"id":2053,"href":"https:\/\/www.marblestation.com\/index.php?rest_route=\/wp\/v2\/pages\/1086\/revisions\/2053"}],"up":[{"embeddable":true,"href":"https:\/\/www.marblestation.com\/index.php?rest_route=\/wp\/v2\/pages\/565"}],"wp:attachment":[{"href":"https:\/\/www.marblestation.com\/index.php?rest_route=%2Fwp%2Fv2%2Fmedia&parent=1086"}],"curies":[{"name":"wp","href":"https:\/\/api.w.org\/{rel}","templated":true}]}}